{"id":801,"date":"2026-04-06T12:23:17","date_gmt":"2026-04-06T10:23:17","guid":{"rendered":"https:\/\/www.foxyfacts.com\/?page_id=801"},"modified":"2026-04-19T20:52:22","modified_gmt":"2026-04-19T18:52:22","slug":"physiotherapie","status":"publish","type":"page","link":"https:\/\/www.foxyfacts.com\/index.php\/physiotherapie\/","title":{"rendered":"Physiotherapie"},"content":{"rendered":"\n<h2 class=\"wp-block-heading\">Michaela STRAUSS<\/h2>\n\n\n\n<p>St\u00fcndlich<\/p>\n\n\n\n<ul class=\"wp-block-list\">\n<li>Brustkorb in alle Richtungen mobilisieren<\/li>\n\n\n\n<li>Bauchatmung ohne Brustatmung<\/li>\n\n\n\n<li>Brustatmung ohne Bauchatmung<\/li>\n\n\n\n<li>Ultra-PEP: mit maximal 20 cmH<sub>2<\/sub>O 5x durch die Nase einatmen und durch den Mund ausatmen<\/li>\n\n\n\n<li>Fu\u00dfau\u00dfenkante nach oben ziehen, nach M\u00f6glichkeit gegen Widerstand (Theraband oder Trainingspartner)<\/li>\n<\/ul>\n\n\n\n<h2 class=\"wp-block-heading\">Fr. LAUN<\/h2>\n\n\n\n<p>T\u00e4glich<\/p>\n\n\n\n<ul class=\"wp-block-list\">\n<li>Narben gegen\u00fcber Untergrund verschieben<\/li>\n\n\n\n<li>Drei \u00dcbungen gem\u00e4\u00df Handout\n<ul class=\"wp-block-list\">\n<li>S\u00e4ule drehen<\/li>\n\n\n\n<li>Glocke<\/li>\n\n\n\n<li>Schultern kreisen<\/li>\n<\/ul>\n<\/li>\n<\/ul>\n","protected":false},"excerpt":{"rendered":"<p>Michaela STRAUSS St\u00fcndlich Fr. LAUN T\u00e4glich<\/p>\n","protected":false},"author":1,"featured_media":0,"parent":0,"menu_order":0,"comment_status":"closed","ping_status":"closed","template":"","meta":{"footnotes":""},"class_list":["post-801","page","type-page","status-publish","hentry"],"jetpack_sharing_enabled":true,"_links":{"self":[{"href":"https:\/\/www.foxyfacts.com\/index.php\/wp-json\/wp\/v2\/pages\/801","targetHints":{"allow":["GET"]}}],"collection":[{"href":"https:\/\/www.foxyfacts.com\/index.php\/wp-json\/wp\/v2\/pages"}],"about":[{"href":"https:\/\/www.foxyfacts.com\/index.php\/wp-json\/wp\/v2\/types\/page"}],"author":[{"embeddable":true,"href":"https:\/\/www.foxyfacts.com\/index.php\/wp-json\/wp\/v2\/users\/1"}],"replies":[{"embeddable":true,"href":"https:\/\/www.foxyfacts.com\/index.php\/wp-json\/wp\/v2\/comments?post=801"}],"version-history":[{"count":5,"href":"https:\/\/www.foxyfacts.com\/index.php\/wp-json\/wp\/v2\/pages\/801\/revisions"}],"predecessor-version":[{"id":966,"href":"https:\/\/www.foxyfacts.com\/index.php\/wp-json\/wp\/v2\/pages\/801\/revisions\/966"}],"wp:attachment":[{"href":"https:\/\/www.foxyfacts.com\/index.php\/wp-json\/wp\/v2\/media?parent=801"}],"curies":[{"name":"wp","href":"https:\/\/api.w.org\/{rel}","templated":true}]}}